{"id":2,"date":"2022-02-09T15:52:38","date_gmt":"2022-02-09T15:52:38","guid":{"rendered":"http:\/\/clubdeleonessimonbolivar.org\/?page_id=2"},"modified":"2025-12-12T15:10:06","modified_gmt":"2025-12-12T15:10:06","slug":"statutes","status":"publish","type":"page","link":"https:\/\/clubdeleonessimonbolivar.org\/es\/statutes\/","title":{"rendered":"Estatutos"},"content":{"rendered":"<h2>Estatutos del Club de Leones Sim\u00f3n Bol\u00edvar<\/h2>\r\n<p>&nbsp;<\/p>\r\n\r\n<p>Los estatutos, tambi\u00e9n conocidos como reglamento interno, son los documentos fundacionales que establecen la estructura, el gobierno y el funcionamiento del Club de Leones Sim\u00f3n Bol\u00edvar. Estos estatutos son esenciales para garantizar que la organizaci\u00f3n funcione de manera eficaz, legal y conforme a su misi\u00f3n.<\/p>\r\n<p>Las siguientes son algunas de las claves de importancia de los estatutos del Club de Leones Sim\u00f3n Bol\u00edvar:<\/p>\r\n<ol>\r\n<li>\r\n<p>Cumplimiento legal: Los estatutos son documentos legalmente vinculantes que definen el prop\u00f3sito y la estructura de una organizaci\u00f3n sin fines de lucro. Establecen el marco legal de la organizaci\u00f3n y garantizan el cumplimiento de las leyes y regulaciones aplicables que rigen a las organizaciones sin fines de lucro.<\/p>\r\n<\/li>\r\n<li>\r\n<p>Gobernanza: Los estatutos establecen el marco para la gobernanza de una organizaci\u00f3n sin fines de lucro. Describen las funciones y responsabilidades de la junta directiva, los funcionarios y dem\u00e1s personal clave. Tambi\u00e9n establecen procedimientos para la toma de decisiones, la resoluci\u00f3n de conflictos y otros aspectos clave de la gobernanza.<\/p>\r\n<\/li>\r\n<li>\r\n<p>Transparencia: Los estatutos promueven la transparencia en las operaciones de una organizaci\u00f3n sin fines de lucro. Proporcionan directrices claras para las finanzas, la presentaci\u00f3n de informes y la rendici\u00f3n de cuentas de la organizaci\u00f3n. Tambi\u00e9n garantizan que las actividades de la organizaci\u00f3n sean coherentes con su misi\u00f3n y que sus recursos se utilicen de manera responsable y \u00e9tica.<\/p>\r\n<\/li>\r\n<li>\r\n<p>Claridad: Los estatutos proporcionan claridad sobre el prop\u00f3sito, los objetivos y las actividades de una organizaci\u00f3n sin fines de lucro. Ayudan a garantizar que todos los involucrados en la organizaci\u00f3n, desde el personal hasta los voluntarios, comprendan su misi\u00f3n y objetivos. Esta claridad ayuda a garantizar que la organizaci\u00f3n se mantenga enfocada en su misi\u00f3n principal y que sus actividades est\u00e9n alineadas con sus objetivos.<\/p>\r\n<\/li>\r\n<li>\r\n<p>Estabilidad: Los estatutos proporcionan estabilidad a una organizaci\u00f3n sin fines de lucro. Establecen los procedimientos para realizar cambios en la estructura y las operaciones de la organizaci\u00f3n, garantizando que cualquier cambio se realice de forma deliberada y meditada. Esta estabilidad contribuye a generar confianza con donantes, simpatizantes y otras partes interesadas, y garantiza que la organizaci\u00f3n pueda seguir operando eficazmente a largo plazo.<\/p>\r\n<\/li>\r\n<\/ol>\r\n<p>En conclusi\u00f3n, los estatutos son un elemento esencial del Club de Leones Sim\u00f3n Bol\u00edvar. Proporcionan el marco legal, la gobernanza, la transparencia, la claridad y la estabilidad necesarias para que la organizaci\u00f3n funcione eficazmente y logre su misi\u00f3n. Por lo tanto, es importante que las organizaciones sin fines de lucro desarrollen estatutos claros y completos que se revisen y actualicen peri\u00f3dicamente para garantizar su pertinencia y eficacia.<\/p>\r\n<!-- \/wp:post-content -->\r\n\r\n<!-- wp:quote -->\r\n\r\n<!-- wp:paragraph -->\r\n<p>Haga click <a href=\"https:\/\/clubdeleonessimonbolivar.org\/wp-content\/uploads\/2023\/03\/Estatutos-Club-de-Leones-Simon-Bolivar.pdf\" target=\"_blank\" rel=\"noopener\">AQU\u00cd para descargar<\/a>, y leer los estatutos del Club de Leones Sim\u00f3n Bol\u00edvar.<\/p>\r\n<p style=\"text-align: center;\"><a class=\"boton\" href=\"https:\/\/clubdeleonessimonbolivar.org\/wp-content\/uploads\/2023\/03\/Estatutos-Club-de-Leones-Simon-Bolivar.pdf\" target=\"_blank\" rel=\"noopener\">DESCARGAR ESTATUTOS<\/a><\/p>\r\n<!-- \/wp:paragraph -->","protected":false},"excerpt":{"rendered":"<p>Club de Leones Sim\u00f3n Bol\u00edvar Statutes &nbsp; Statutes, also known as bylaws, are the foundational documents that establish the structure, governance, and operations of Club de Leones Sim\u00f3n Bol\u00edvar. These [&hellip;]<\/p>","protected":false},"author":1,"featured_media":0,"parent":0,"menu_order":0,"comment_status":"closed","ping_status":"open","template":"","meta":{"_acf_changed":false,"give_campaign_id":0,"footnotes":""},"class_list":["post-2","page","type-page","status-publish","hentry"],"acf":[],"campaignId":"","_links":{"self":[{"href":"https:\/\/clubdeleonessimonbolivar.org\/es\/wp-json\/wp\/v2\/pages\/2","targetHints":{"allow":["GET"]}}],"collection":[{"href":"https:\/\/clubdeleonessimonbolivar.org\/es\/wp-json\/wp\/v2\/pages"}],"about":[{"href":"https:\/\/clubdeleonessimonbolivar.org\/es\/wp-json\/wp\/v2\/types\/page"}],"author":[{"embeddable":true,"href":"https:\/\/clubdeleonessimonbolivar.org\/es\/wp-json\/wp\/v2\/users\/1"}],"replies":[{"embeddable":true,"href":"https:\/\/clubdeleonessimonbolivar.org\/es\/wp-json\/wp\/v2\/comments?post=2"}],"version-history":[{"count":9,"href":"https:\/\/clubdeleonessimonbolivar.org\/es\/wp-json\/wp\/v2\/pages\/2\/revisions"}],"predecessor-version":[{"id":2983,"href":"https:\/\/clubdeleonessimonbolivar.org\/es\/wp-json\/wp\/v2\/pages\/2\/revisions\/2983"}],"wp:attachment":[{"href":"https:\/\/clubdeleonessimonbolivar.org\/es\/wp-json\/wp\/v2\/media?parent=2"}],"curies":[{"name":"wp","href":"https:\/\/api.w.org\/{rel}","templated":true}]}}