{"id":2699,"date":"2025-11-27T14:41:36","date_gmt":"2025-11-27T14:41:36","guid":{"rendered":"https:\/\/clubdeleonessimonbolivar.org\/?post_type=product&#038;p=2699"},"modified":"2025-12-05T22:03:27","modified_gmt":"2025-12-05T22:03:27","slug":"annual-fee","status":"publish","type":"product","link":"https:\/\/clubdeleonessimonbolivar.org\/es\/producto\/annual-fee\/","title":{"rendered":"Cuota Anual"},"content":{"rendered":"<p>Este pago corresponde a la cuota anual individual o matrimonio que cada socio del Club de Leones Sim\u00f3n Bol\u00edvar debe realizar para mantener activa su membres\u00eda. Con esta contribuci\u00f3n, apoyamos el funcionamiento del club, fortalecemos nuestros programas de servicio y garantizamos la continuidad de las actividades que nos permiten seguir sirviendo a nuestra comunidad. Agradecemos su compromiso y participaci\u00f3n.<\/p>","protected":false},"excerpt":{"rendered":"<p>Este pago corresponde a la cuota anual de cada socio vinculado de manera individual o matrimonio al Club de Leones Sim\u00f3n Bol\u00edvar de Paterson.<\/p>","protected":false},"featured_media":2714,"template":"","meta":{"_acf_changed":false,"give_campaign_id":0},"product_brand":[],"product_cat":[42],"product_tag":[],"class_list":{"0":"post-2699","1":"product","2":"type-product","3":"status-publish","4":"has-post-thumbnail","6":"product_cat-members","8":"first","9":"instock","10":"taxable","11":"shipping-taxable","12":"purchasable","13":"product-type-variable"},"acf":[],"_links":{"self":[{"href":"https:\/\/clubdeleonessimonbolivar.org\/es\/wp-json\/wp\/v2\/product\/2699","targetHints":{"allow":["GET"]}}],"collection":[{"href":"https:\/\/clubdeleonessimonbolivar.org\/es\/wp-json\/wp\/v2\/product"}],"about":[{"href":"https:\/\/clubdeleonessimonbolivar.org\/es\/wp-json\/wp\/v2\/types\/product"}],"wp:featuredmedia":[{"embeddable":true,"href":"https:\/\/clubdeleonessimonbolivar.org\/es\/wp-json\/wp\/v2\/media\/2714"}],"wp:attachment":[{"href":"https:\/\/clubdeleonessimonbolivar.org\/es\/wp-json\/wp\/v2\/media?parent=2699"}],"wp:term":[{"taxonomy":"product_brand","embeddable":true,"href":"https:\/\/clubdeleonessimonbolivar.org\/es\/wp-json\/wp\/v2\/product_brand?post=2699"},{"taxonomy":"product_cat","embeddable":true,"href":"https:\/\/clubdeleonessimonbolivar.org\/es\/wp-json\/wp\/v2\/product_cat?post=2699"},{"taxonomy":"product_tag","embeddable":true,"href":"https:\/\/clubdeleonessimonbolivar.org\/es\/wp-json\/wp\/v2\/product_tag?post=2699"}],"curies":[{"name":"wp","href":"https:\/\/api.w.org\/{rel}","templated":true}]}}